{"id":316,"date":"2020-06-23T16:56:11","date_gmt":"2020-06-23T21:56:11","guid":{"rendered":"https:\/\/jlbeers.com\/burnsville\/?page_id=316"},"modified":"2025-10-01T10:39:43","modified_gmt":"2025-10-01T15:39:43","slug":"chicken-sandwiches","status":"publish","type":"page","link":"https:\/\/jlbeers.com\/burnsville\/menu\/chicken-sandwiches\/","title":{"rendered":"Chicken Sandwiches"},"content":{"rendered":"<div id=\"pl-316\"  class=\"panel-layout\" ><div id=\"pg-316-0\"  class=\"panel-grid panel-no-style\" ><div id=\"pgc-316-0-0\"  class=\"panel-grid-cell\" ><div id=\"panel-316-0-0-0\" class=\"so-panel widget widget_sow-editor panel-first-child panel-last-child\" data-index=\"0\" ><div class=\"page-intro panel-widget-style panel-widget-style-for-316-0-0-0\" ><div\n\t\t\t\n\t\t\tclass=\"so-widget-sow-editor so-widget-sow-editor-base\"\n\t\t\t\n\t\t>\n<div class=\"siteorigin-widget-tinymce textwidget\">\n\t<p>At JL Beers<sup>\u00ae<\/sup> we serve it Fresh: Ground Beef, Chicken, Fries and Chips! Seating for 1,000... <span class=\"tagline\">47 at a time!<sup>\u00ae<\/sup><\/span><\/p>\n<\/div>\n<\/div><\/div><\/div><\/div><\/div><div id=\"pg-316-1\"  class=\"panel-grid panel-no-style\" ><div id=\"pgc-316-1-0\"  class=\"panel-grid-cell\" ><div id=\"panel-316-1-0-0\" class=\"so-panel widget widget_sow-editor panel-first-child panel-last-child\" data-index=\"1\" ><div class=\"section-heading panel-widget-style panel-widget-style-for-316-1-0-0\" ><div\n\t\t\t\n\t\t\tclass=\"so-widget-sow-editor so-widget-sow-editor-base\"\n\t\t\t\n\t\t>\n<div class=\"siteorigin-widget-tinymce textwidget\">\n\t<h2>Chicken Sandwiches<\/h2>\n<p><span class=\"section-info\">Featuring a fresh grilled chicken breast served on our signature bun a la carte.\u00a0<\/span><\/p>\n<\/div>\n<\/div><\/div><\/div><\/div><\/div><div id=\"pg-316-2\"  class=\"panel-grid panel-no-style\" ><div id=\"pgc-316-2-0\"  class=\"panel-grid-cell\" ><div id=\"panel-316-2-0-0\" class=\"so-panel widget widget_sow-editor panel-first-child panel-last-child\" data-index=\"2\" ><div class=\"item panel-widget-style panel-widget-style-for-316-2-0-0\" ><div\n\t\t\t\n\t\t\tclass=\"so-widget-sow-editor so-widget-sow-editor-base\"\n\t\t\t\n\t\t><h3 class=\"widget-title\">The Classic Chicken Sandwich<\/h3>\n<div class=\"siteorigin-widget-tinymce textwidget\">\n\t<p><span class=\"menu-price\">$9.99<\/span><\/p>\n<p>Lettuce, tomatoes, pickles and mayo. A timeless classic.<\/p>\n<\/div>\n<\/div><\/div><\/div><\/div><div id=\"pgc-316-2-1\"  class=\"panel-grid-cell\" ><div id=\"panel-316-2-1-0\" class=\"so-panel widget widget_sow-editor panel-first-child panel-last-child\" data-index=\"3\" ><div class=\"item panel-widget-style panel-widget-style-for-316-2-1-0\" ><div\n\t\t\t\n\t\t\tclass=\"so-widget-sow-editor so-widget-sow-editor-base\"\n\t\t\t\n\t\t><h3 class=\"widget-title\">Chicken Parmesan<\/h3>\n<div class=\"siteorigin-widget-tinymce textwidget\">\n\t<p><span class=\"menu-price\">$9.99<\/span><\/p>\n<p>Swiss cheese and marinara sauce on our toasted parmesan garlic bun.<\/p>\n<\/div>\n<\/div><\/div><\/div><\/div><div id=\"pgc-316-2-2\"  class=\"panel-grid-cell\" ><div id=\"panel-316-2-2-0\" class=\"so-panel widget widget_sow-editor panel-first-child panel-last-child\" data-index=\"4\" ><div class=\"item panel-widget-style panel-widget-style-for-316-2-2-0\" ><div\n\t\t\t\n\t\t\tclass=\"so-widget-sow-editor so-widget-sow-editor-base\"\n\t\t\t\n\t\t><h3 class=\"widget-title\">JLape\u00f1o\u00ae Chicken<\/h3>\n<div class=\"siteorigin-widget-tinymce textwidget\">\n\t<p><span class=\"menu-price\">$12.99<\/span><\/p>\n<p>Diced jalape\u00f1os, pepperjack cheese, bacon, jalape\u00f1o ranch sauce and jalape\u00f1o cheddar seasoning.<\/p>\n<\/div>\n<\/div><\/div><\/div><\/div><\/div><div id=\"pg-316-3\"  class=\"panel-grid panel-no-style\" ><div id=\"pgc-316-3-0\"  class=\"panel-grid-cell\" ><div id=\"panel-316-3-0-0\" class=\"so-panel widget widget_sow-editor panel-first-child panel-last-child\" data-index=\"5\" ><div class=\"item panel-widget-style panel-widget-style-for-316-3-0-0\" ><div\n\t\t\t\n\t\t\tclass=\"so-widget-sow-editor so-widget-sow-editor-base\"\n\t\t\t\n\t\t><h3 class=\"widget-title\">Chicken Bacon Ranch<\/h3>\n<div class=\"siteorigin-widget-tinymce textwidget\">\n\t<p><span class=\"menu-price\">$12.99<\/span><\/p>\n<p>Bacon, ranch, lettuce, tomatoes and pepperjack cheese.<\/p>\n<\/div>\n<\/div><\/div><\/div><\/div><div id=\"pgc-316-3-1\"  class=\"panel-grid-cell panel-grid-cell-empty panel-grid-cell-mobile-last\" ><\/div><div id=\"pgc-316-3-2\"  class=\"panel-grid-cell panel-grid-cell-empty\" ><\/div><\/div><div id=\"pg-316-4\"  class=\"panel-grid panel-no-style\" ><div id=\"pgc-316-4-0\"  class=\"panel-grid-cell\" ><div id=\"panel-316-4-0-0\" class=\"so-panel widget widget_sow-editor panel-first-child panel-last-child\" data-index=\"6\" ><div class=\"section-heading panel-widget-style panel-widget-style-for-316-4-0-0\" ><div\n\t\t\t\n\t\t\tclass=\"so-widget-sow-editor so-widget-sow-editor-base\"\n\t\t\t\n\t\t>\n<div class=\"siteorigin-widget-tinymce textwidget\">\n\t<h2>Chicken Finger Sandwiches<\/h2>\n<\/div>\n<\/div><\/div><\/div><\/div><\/div><div id=\"pg-316-5\"  class=\"panel-grid panel-no-style\" ><div id=\"pgc-316-5-0\"  class=\"panel-grid-cell\" ><div id=\"panel-316-5-0-0\" class=\"so-panel widget widget_sow-editor panel-first-child panel-last-child\" data-index=\"7\" ><div class=\"item panel-widget-style panel-widget-style-for-316-5-0-0\" ><div\n\t\t\t\n\t\t\tclass=\"so-widget-sow-editor so-widget-sow-editor-base\"\n\t\t\t\n\t\t><h3 class=\"widget-title\">The Chicken Finger Sandwich<\/h3>\n<div class=\"siteorigin-widget-tinymce textwidget\">\n\t<p><span class=\"menu-price\">$10.79<\/span><\/p>\n<p>Lettuce, tomatoes, ranch, pepperjack cheese and bacon.<\/p>\n<\/div>\n<\/div><\/div><\/div><\/div><div id=\"pgc-316-5-1\"  class=\"panel-grid-cell\" ><div id=\"panel-316-5-1-0\" class=\"so-panel widget widget_sow-editor panel-first-child panel-last-child\" data-index=\"8\" ><div class=\"item panel-widget-style panel-widget-style-for-316-5-1-0\" ><div\n\t\t\t\n\t\t\tclass=\"so-widget-sow-editor so-widget-sow-editor-base\"\n\t\t\t\n\t\t><h3 class=\"widget-title\">Buffalo Chicken Finger Sandwich<\/h3>\n<div class=\"siteorigin-widget-tinymce textwidget\">\n\t<p><span class=\"menu-price\">$10.79<\/span><\/p>\n<p>Lettuce, tomatoes and buffalo sauce. Served with a side of ranch.<\/p>\n<\/div>\n<\/div><\/div><\/div><\/div><div id=\"pgc-316-5-2\"  class=\"panel-grid-cell\" ><div id=\"panel-316-5-2-0\" class=\"so-panel widget widget_sow-editor panel-first-child panel-last-child\" data-index=\"9\" ><div class=\"item panel-widget-style panel-widget-style-for-316-5-2-0\" ><div\n\t\t\t\n\t\t\tclass=\"so-widget-sow-editor so-widget-sow-editor-base\"\n\t\t\t\n\t\t><h3 class=\"widget-title\">Nashville Hot Chicken<\/h3>\n<div class=\"siteorigin-widget-tinymce textwidget\">\n\t<p><span class=\"menu-price\">$10.79<\/span><\/p>\n<p>Nashville Hot Sauce, pickles &amp; mayo.<\/p>\n<\/div>\n<\/div><\/div><\/div><\/div><\/div><div id=\"pg-316-6\"  class=\"panel-grid panel-no-style\" ><div id=\"pgc-316-6-0\"  class=\"panel-grid-cell\" ><div id=\"panel-316-6-0-0\" class=\"so-panel widget widget_sow-editor panel-first-child panel-last-child\" data-index=\"10\" ><div class=\"section-heading panel-widget-style panel-widget-style-for-316-6-0-0\" ><div\n\t\t\t\n\t\t\tclass=\"so-widget-sow-editor so-widget-sow-editor-base\"\n\t\t\t\n\t\t>\n<div class=\"siteorigin-widget-tinymce textwidget\">\n\t<h2>Chicken Fingers<\/h2>\n<p><span class=\"section-info\">Fresh marinated chicken, hand breaded &amp; cooked to order.\u00a0<\/span><\/p>\n<\/div>\n<\/div><\/div><\/div><\/div><\/div><div id=\"pg-316-7\"  class=\"panel-grid panel-no-style\" ><div id=\"pgc-316-7-0\"  class=\"panel-grid-cell\" ><div id=\"panel-316-7-0-0\" class=\"so-panel widget widget_sow-editor panel-first-child panel-last-child\" data-index=\"11\" ><div class=\"item panel-widget-style panel-widget-style-for-316-7-0-0\" ><div\n\t\t\t\n\t\t\tclass=\"so-widget-sow-editor so-widget-sow-editor-base\"\n\t\t\t\n\t\t><h3 class=\"widget-title\">3 Chicken Fingers<\/h3>\n<div class=\"siteorigin-widget-tinymce textwidget\">\n\t<p><span class=\"menu-price\">$7.89<\/span><\/p>\n<p>Sauce and toast.<\/p>\n<\/div>\n<\/div><\/div><\/div><\/div><div id=\"pgc-316-7-1\"  class=\"panel-grid-cell\" ><div id=\"panel-316-7-1-0\" class=\"so-panel widget widget_sow-editor panel-first-child panel-last-child\" data-index=\"12\" ><div class=\"item panel-widget-style panel-widget-style-for-316-7-1-0\" ><div\n\t\t\t\n\t\t\tclass=\"so-widget-sow-editor so-widget-sow-editor-base\"\n\t\t\t\n\t\t><h3 class=\"widget-title\">4 Chicken Fingers<\/h3>\n<div class=\"siteorigin-widget-tinymce textwidget\">\n\t<p><span class=\"menu-price\">$8.89<\/span><\/p>\n<p>Sauce and toast.<\/p>\n<\/div>\n<\/div><\/div><\/div><\/div><div id=\"pgc-316-7-2\"  class=\"panel-grid-cell\" ><div id=\"panel-316-7-2-0\" class=\"so-panel widget widget_sow-editor panel-first-child panel-last-child\" data-index=\"13\" ><div class=\"item panel-widget-style panel-widget-style-for-316-7-2-0\" ><div\n\t\t\t\n\t\t\tclass=\"so-widget-sow-editor so-widget-sow-editor-base\"\n\t\t\t\n\t\t><h3 class=\"widget-title\">6 Chicken Fingers<\/h3>\n<div class=\"siteorigin-widget-tinymce textwidget\">\n\t<p><span class=\"menu-price\">$10.99<\/span><\/p>\n<p>2 sauces and toast.<\/p>\n<\/div>\n<\/div><\/div><\/div><\/div><\/div><div id=\"pg-316-8\"  class=\"panel-grid panel-no-style\" ><div id=\"pgc-316-8-0\"  class=\"panel-grid-cell\" ><div id=\"panel-316-8-0-0\" class=\"so-panel widget widget_sow-editor panel-first-child panel-last-child\" data-index=\"14\" ><div class=\"item panel-widget-style panel-widget-style-for-316-8-0-0\" ><div\n\t\t\t\n\t\t\tclass=\"so-widget-sow-editor so-widget-sow-editor-base\"\n\t\t\t\n\t\t><h3 class=\"widget-title\">Additional Sauces<\/h3>\n<div class=\"siteorigin-widget-tinymce textwidget\">\n\t<p><span class=\"menu-price\">$0.99<\/span><\/p>\n<p>BBQ, Buffalo, Ghost Pepper, Honey Mustard, Original, and Ranch.<\/p>\n<\/div>\n<\/div><\/div><\/div><\/div><div id=\"pgc-316-8-1\"  class=\"panel-grid-cell panel-grid-cell-empty panel-grid-cell-mobile-last\" ><\/div><div id=\"pgc-316-8-2\"  class=\"panel-grid-cell panel-grid-cell-empty\" ><\/div><\/div><\/div>","protected":false},"excerpt":{"rendered":"<p>At JL Beers\u00ae we serve it Fresh: Ground Beef, Chicken, Fries and Chips! Seating for 1,000&#8230; 47 at a time!\u00ae Chicken Sandwiches Featuring a fresh grilled chicken breast served on our signature bun a la carte.\u00a0<\/p>\n","protected":false},"author":1,"featured_media":0,"parent":10,"menu_order":0,"comment_status":"closed","ping_status":"closed","template":"","meta":{"_monsterinsights_skip_tracking":false,"_monsterinsights_sitenote_active":false,"_monsterinsights_sitenote_note":"","_monsterinsights_sitenote_category":0,"footnotes":""},"class_list":["post-316","page","type-page","status-publish","hentry"],"yoast_head":"<!-- This site is optimized with the Yoast SEO plugin v26.6 - https:\/\/yoast.com\/wordpress\/plugins\/seo\/ -->\n<title>Chicken Sandwiches - JL Beers Burnsville<\/title>\n<meta name=\"robots\" content=\"index, follow, max-snippet:-1, max-image-preview:large, max-video-preview:-1\" \/>\n<link rel=\"canonical\" href=\"https:\/\/jlbeers.com\/burnsville\/menu\/chicken-sandwiches\/\" \/>\n<meta property=\"og:locale\" content=\"en_US\" \/>\n<meta property=\"og:type\" content=\"article\" \/>\n<meta property=\"og:title\" content=\"Chicken Sandwiches - JL Beers Burnsville\" \/>\n<meta property=\"og:description\" content=\"At JL Beers\u00ae we serve it Fresh: Ground Beef, Chicken, Fries and Chips! Seating for 1,000... 47 at a time!\u00ae Chicken Sandwiches Featuring a fresh grilled chicken breast served on our signature bun a la carte.\u00a0\" \/>\n<meta property=\"og:url\" content=\"https:\/\/jlbeers.com\/burnsville\/menu\/chicken-sandwiches\/\" \/>\n<meta property=\"og:site_name\" content=\"JL Beers Burnsville\" \/>\n<meta property=\"article:modified_time\" content=\"2025-10-01T15:39:43+00:00\" \/>\n<meta name=\"twitter:card\" content=\"summary_large_image\" \/>\n<meta name=\"twitter:label1\" content=\"Est. reading time\" \/>\n\t<meta name=\"twitter:data1\" content=\"1 minute\" \/>\n<script type=\"application\/ld+json\" class=\"yoast-schema-graph\">{\"@context\":\"https:\/\/schema.org\",\"@graph\":[{\"@type\":\"WebPage\",\"@id\":\"https:\/\/jlbeers.com\/burnsville\/menu\/chicken-sandwiches\/\",\"url\":\"https:\/\/jlbeers.com\/burnsville\/menu\/chicken-sandwiches\/\",\"name\":\"Chicken Sandwiches - JL Beers Burnsville\",\"isPartOf\":{\"@id\":\"https:\/\/jlbeers.com\/burnsville\/#website\"},\"datePublished\":\"2020-06-23T21:56:11+00:00\",\"dateModified\":\"2025-10-01T15:39:43+00:00\",\"breadcrumb\":{\"@id\":\"https:\/\/jlbeers.com\/burnsville\/menu\/chicken-sandwiches\/#breadcrumb\"},\"inLanguage\":\"en-US\",\"potentialAction\":[{\"@type\":\"ReadAction\",\"target\":[\"https:\/\/jlbeers.com\/burnsville\/menu\/chicken-sandwiches\/\"]}]},{\"@type\":\"BreadcrumbList\",\"@id\":\"https:\/\/jlbeers.com\/burnsville\/menu\/chicken-sandwiches\/#breadcrumb\",\"itemListElement\":[{\"@type\":\"ListItem\",\"position\":1,\"name\":\"Home\",\"item\":\"https:\/\/jlbeers.com\/burnsville\/\"},{\"@type\":\"ListItem\",\"position\":2,\"name\":\"Menu\",\"item\":\"https:\/\/jlbeers.com\/burnsville\/menu\/\"},{\"@type\":\"ListItem\",\"position\":3,\"name\":\"Chicken Sandwiches\"}]},{\"@type\":\"WebSite\",\"@id\":\"https:\/\/jlbeers.com\/burnsville\/#website\",\"url\":\"https:\/\/jlbeers.com\/burnsville\/\",\"name\":\"JL Beers Burnsville\",\"description\":\"\",\"potentialAction\":[{\"@type\":\"SearchAction\",\"target\":{\"@type\":\"EntryPoint\",\"urlTemplate\":\"https:\/\/jlbeers.com\/burnsville\/?s={search_term_string}\"},\"query-input\":{\"@type\":\"PropertyValueSpecification\",\"valueRequired\":true,\"valueName\":\"search_term_string\"}}],\"inLanguage\":\"en-US\"}]}<\/script>\n<!-- \/ Yoast SEO plugin. -->","yoast_head_json":{"title":"Chicken Sandwiches - JL Beers Burnsville","robots":{"index":"index","follow":"follow","max-snippet":"max-snippet:-1","max-image-preview":"max-image-preview:large","max-video-preview":"max-video-preview:-1"},"canonical":"https:\/\/jlbeers.com\/burnsville\/menu\/chicken-sandwiches\/","og_locale":"en_US","og_type":"article","og_title":"Chicken Sandwiches - JL Beers Burnsville","og_description":"At JL Beers\u00ae we serve it Fresh: Ground Beef, Chicken, Fries and Chips! Seating for 1,000... 47 at a time!\u00ae Chicken Sandwiches Featuring a fresh grilled chicken breast served on our signature bun a la carte.\u00a0","og_url":"https:\/\/jlbeers.com\/burnsville\/menu\/chicken-sandwiches\/","og_site_name":"JL Beers Burnsville","article_modified_time":"2025-10-01T15:39:43+00:00","twitter_card":"summary_large_image","twitter_misc":{"Est. reading time":"1 minute"},"schema":{"@context":"https:\/\/schema.org","@graph":[{"@type":"WebPage","@id":"https:\/\/jlbeers.com\/burnsville\/menu\/chicken-sandwiches\/","url":"https:\/\/jlbeers.com\/burnsville\/menu\/chicken-sandwiches\/","name":"Chicken Sandwiches - JL Beers Burnsville","isPartOf":{"@id":"https:\/\/jlbeers.com\/burnsville\/#website"},"datePublished":"2020-06-23T21:56:11+00:00","dateModified":"2025-10-01T15:39:43+00:00","breadcrumb":{"@id":"https:\/\/jlbeers.com\/burnsville\/menu\/chicken-sandwiches\/#breadcrumb"},"inLanguage":"en-US","potentialAction":[{"@type":"ReadAction","target":["https:\/\/jlbeers.com\/burnsville\/menu\/chicken-sandwiches\/"]}]},{"@type":"BreadcrumbList","@id":"https:\/\/jlbeers.com\/burnsville\/menu\/chicken-sandwiches\/#breadcrumb","itemListElement":[{"@type":"ListItem","position":1,"name":"Home","item":"https:\/\/jlbeers.com\/burnsville\/"},{"@type":"ListItem","position":2,"name":"Menu","item":"https:\/\/jlbeers.com\/burnsville\/menu\/"},{"@type":"ListItem","position":3,"name":"Chicken Sandwiches"}]},{"@type":"WebSite","@id":"https:\/\/jlbeers.com\/burnsville\/#website","url":"https:\/\/jlbeers.com\/burnsville\/","name":"JL Beers Burnsville","description":"","potentialAction":[{"@type":"SearchAction","target":{"@type":"EntryPoint","urlTemplate":"https:\/\/jlbeers.com\/burnsville\/?s={search_term_string}"},"query-input":{"@type":"PropertyValueSpecification","valueRequired":true,"valueName":"search_term_string"}}],"inLanguage":"en-US"}]}},"_links":{"self":[{"href":"https:\/\/jlbeers.com\/burnsville\/wp-json\/wp\/v2\/pages\/316","targetHints":{"allow":["GET"]}}],"collection":[{"href":"https:\/\/jlbeers.com\/burnsville\/wp-json\/wp\/v2\/pages"}],"about":[{"href":"https:\/\/jlbeers.com\/burnsville\/wp-json\/wp\/v2\/types\/page"}],"author":[{"embeddable":true,"href":"https:\/\/jlbeers.com\/burnsville\/wp-json\/wp\/v2\/users\/1"}],"replies":[{"embeddable":true,"href":"https:\/\/jlbeers.com\/burnsville\/wp-json\/wp\/v2\/comments?post=316"}],"version-history":[{"count":3,"href":"https:\/\/jlbeers.com\/burnsville\/wp-json\/wp\/v2\/pages\/316\/revisions"}],"predecessor-version":[{"id":415,"href":"https:\/\/jlbeers.com\/burnsville\/wp-json\/wp\/v2\/pages\/316\/revisions\/415"}],"up":[{"embeddable":true,"href":"https:\/\/jlbeers.com\/burnsville\/wp-json\/wp\/v2\/pages\/10"}],"wp:attachment":[{"href":"https:\/\/jlbeers.com\/burnsville\/wp-json\/wp\/v2\/media?parent=316"}],"curies":[{"name":"wp","href":"https:\/\/api.w.org\/{rel}","templated":true}]}}